{"id":677,"date":"2020-08-23T08:14:37","date_gmt":"2020-08-23T06:14:37","guid":{"rendered":"http:\/\/einkaufeninschleswig.de\/?page_id=677"},"modified":"2020-11-07T08:12:37","modified_gmt":"2020-11-07T06:12:37","slug":"gesundheit-wellness","status":"publish","type":"page","link":"https:\/\/einkaufeninschleswig.de\/?page_id=677","title":{"rendered":"Gesundheit &#038; Wellness"},"content":{"rendered":"<ul class=\"wp-block-latest-posts__list wp-block-latest-posts\"><li><div class=\"wp-block-latest-posts__featured-image\"><img loading=\"lazy\" decoding=\"async\" width=\"150\" height=\"100\" src=\"https:\/\/einkaufeninschleswig.de\/wp-content\/uploads\/2020\/08\/card-32.png\" class=\"attachment-thumbnail size-thumbnail wp-post-image\" alt=\"\" style=\"\" \/><\/div><a class=\"wp-block-latest-posts__post-title\" href=\"https:\/\/einkaufeninschleswig.de\/?p=1107\">Beauty &#038; Wellness am M\u00fchlenbach<\/a><div class=\"wp-block-latest-posts__post-excerpt\">Treten Sie ein in die Welt des Wohlbefindens und kehren Sie dem Alltag f\u00fcr einen Moment den R\u00fccken.G\u00f6nnen Sie sich den Genuss, einmal ganz im Mittelpunkt zu stehen &#8211; denn bei uns dreht sich alles um Sie! Ausgezeichnet mit dem Clarins-G\u00fctesiegel Bleiben Sie gesund Ihr Beauty &amp; Wellness -Team am &hellip; <\/div><\/li>\n<li><div class=\"wp-block-latest-posts__featured-image\"><img loading=\"lazy\" decoding=\"async\" width=\"150\" height=\"100\" src=\"https:\/\/einkaufeninschleswig.de\/wp-content\/uploads\/2020\/09\/card-1.png\" class=\"attachment-thumbnail size-thumbnail wp-post-image\" alt=\"\" style=\"\" \/><\/div><a class=\"wp-block-latest-posts__post-title\" href=\"https:\/\/einkaufeninschleswig.de\/?p=855\">ABC-Apotheke &#8230; mitten im Herzen von Herzen!<\/a><div class=\"wp-block-latest-posts__post-excerpt\">Wir freuen uns auf Ihre Fragen, Anregungen und viele interessante Gespr\u00e4che. ABC-ApothekeDr.Kristina BurgdorffStadtweg 48 24837 Schleswig Tel.: +49 4621 96210&nbsp; &nbsp;Fax: +49 4621 962155 \u00d6ffnungszeiten: Mo-Fr 8:00 &#8211; 18:30 UhrSamstag 9:00 &#8211; 14:00 Uhr<\/div><\/li>\n<li><div class=\"wp-block-latest-posts__featured-image\"><img loading=\"lazy\" decoding=\"async\" width=\"150\" height=\"150\" src=\"https:\/\/einkaufeninschleswig.de\/wp-content\/uploads\/2020\/09\/grafik-1-150x150.png\" class=\"attachment-thumbnail size-thumbnail wp-post-image\" alt=\"\" style=\"\" \/><\/div><a class=\"wp-block-latest-posts__post-title\" href=\"https:\/\/einkaufeninschleswig.de\/?p=849\">B\u00e4ren Apotheke in Schleswig<\/a><div class=\"wp-block-latest-posts__post-excerpt\">Sie k\u00f6nnen das Team der B\u00e4ren-Apotheke direkt telefonisch unter 04621\/2 55 08 erreichen.Das Team steht Ihnen mit Rat und Tat gerne zur Verf\u00fcgung. Wir freuen uns auf Ihren Besuch! Was k\u00f6nnen wir f\u00fcr Sie tun? Ulrike Schmidt &#8211; M\u00f6nchenbr\u00fcckstr. 10 &#8211; 24837 SchleswigTel.: 04621\/25508 &#8211; Fax: 04621\/25530 &#8211; Mail: info@baeren-apotheke-schleswig.de<\/div><\/li>\n<li><div class=\"wp-block-latest-posts__featured-image\"><img loading=\"lazy\" decoding=\"async\" width=\"150\" height=\"100\" src=\"https:\/\/einkaufeninschleswig.de\/wp-content\/uploads\/2020\/09\/card.png\" class=\"attachment-thumbnail size-thumbnail wp-post-image\" alt=\"\" style=\"\" \/><\/div><a class=\"wp-block-latest-posts__post-title\" href=\"https:\/\/einkaufeninschleswig.de\/?p=845\">Altstadt-Apotheke<\/a><div class=\"wp-block-latest-posts__post-excerpt\">Altstadt Apotheke Stadtweg 2724837 Schleswig Tel.: +49 4621 96220 Fax: 04621\/9622-22 \u00d6ffnungszeiten: Montag 08:00-18:00Dienstag 08:00-18:00Mittwoch 08:00-14:00Donnerstag 08:00-18:00Freitag 08:00-18:00Samstag 09:00-12:00Sonntag Geschlossen<\/div><\/li>\n<li><div class=\"wp-block-latest-posts__featured-image\"><img loading=\"lazy\" decoding=\"async\" width=\"150\" height=\"100\" src=\"https:\/\/einkaufeninschleswig.de\/wp-content\/uploads\/2020\/08\/card-41.png\" class=\"attachment-thumbnail size-thumbnail wp-post-image\" alt=\"\" style=\"\" \/><\/div><a class=\"wp-block-latest-posts__post-title\" href=\"https:\/\/einkaufeninschleswig.de\/?p=741\">DocMare in Schleswig<\/a><div class=\"wp-block-latest-posts__post-excerpt\">Wir sind immer auf dem neuesten Stand der medizinischen Erkenntnisse. Unsere Kollegen sind qualifizierte Spezialisten in verschiedenen pharmazeutischen Bereichen, so dass wir Sie immer fachlich und zu Ihrer Zufriedenheit beraten k\u00f6nnen. Der t\u00e4gliche Botendienst erg\u00e4nzt unser Angebot. DocMare-Apotheke Stadtweg 5824837 Schleswig Tel.: +49 (0)4621 &#8211; 988066Mail: info@docmare-apotheke-schleswig.de #Schleswighilft &#8211; wir &hellip; <\/div><\/li>\n<li><div class=\"wp-block-latest-posts__featured-image\"><img loading=\"lazy\" decoding=\"async\" width=\"150\" height=\"150\" src=\"https:\/\/einkaufeninschleswig.de\/wp-content\/uploads\/2020\/08\/motion_neues_logo2-150x150.png\" class=\"attachment-thumbnail size-thumbnail wp-post-image\" alt=\"\" style=\"\" \/><\/div><a class=\"wp-block-latest-posts__post-title\" href=\"https:\/\/einkaufeninschleswig.de\/?p=694\">Motion-Center Holger Otto<\/a><div class=\"wp-block-latest-posts__post-excerpt\">Mobilit\u00e4t ist Lebensfreude! In Schleswig sind wir gleich zweimal f\u00fcr Sie da! Mehr Infos hier! Anschrift: Stadtweg 4724837 Schleswig \u00d6ffnungszeitenMo-Fr: &nbsp; 08:00 &#8211; 18:00 UhrSa.: &nbsp;&nbsp; &nbsp;&nbsp; &nbsp;&nbsp; 09:00 &#8211; 13:00 Uhr Anschrift:Auf der Freiheit 4 (im Flieger medicentrum)24837 Schleswig \u00d6ffnungszeitenMo-Do: &nbsp;&nbsp;&nbsp;&nbsp; 08:00 &#8211; 17:00 UhrFr: &nbsp; &nbsp;&nbsp; &nbsp;&nbsp; &nbsp; &hellip; <\/div><\/li>\n<li><div class=\"wp-block-latest-posts__featured-image\"><img loading=\"lazy\" decoding=\"async\" width=\"150\" height=\"100\" src=\"https:\/\/einkaufeninschleswig.de\/wp-content\/uploads\/2020\/08\/card-26.png\" class=\"attachment-thumbnail size-thumbnail wp-post-image\" alt=\"\" style=\"\" \/><\/div><a class=\"wp-block-latest-posts__post-title\" href=\"https:\/\/einkaufeninschleswig.de\/?p=654\">Augenoptik Sager<\/a><div class=\"wp-block-latest-posts__post-excerpt\">Wir bieten unsere Dienstleistung in Schleswig nach vorheriger Terminvereinbarung im \u00c4rzthaus am Zob in der 3. Etage an.&nbsp; Dort ist unser Sehstudio.&nbsp; Wir kommen zu den Kunden nach Hause also Hausbesuche&nbsp; und wir haben unser Ladengesch\u00e4ft in J\u00fcbek. &#8222;Wir lassen sie nicht im Dunklen stehen&#8220;. Augenoptik Sager in J\u00fcbek mit &hellip; <\/div><\/li>\n<\/ul>","protected":false},"excerpt":{"rendered":"","protected":false},"author":2,"featured_media":0,"parent":0,"menu_order":0,"comment_status":"closed","ping_status":"closed","template":"","meta":{"footnotes":""},"class_list":["post-677","page","type-page","status-publish","hentry"],"wpmagazine_modules_lite_featured_media_urls":{"thumbnail":"","cvmm-medium":"","cvmm-medium-plus":"","cvmm-portrait":"","cvmm-medium-square":"","cvmm-large":"","cvmm-small":"","full":""},"categories_names":null,"comments_number":"0","_links":{"self":[{"href":"https:\/\/einkaufeninschleswig.de\/index.php?rest_route=\/wp\/v2\/pages\/677","targetHints":{"allow":["GET"]}}],"collection":[{"href":"https:\/\/einkaufeninschleswig.de\/index.php?rest_route=\/wp\/v2\/pages"}],"about":[{"href":"https:\/\/einkaufeninschleswig.de\/index.php?rest_route=\/wp\/v2\/types\/page"}],"author":[{"embeddable":true,"href":"https:\/\/einkaufeninschleswig.de\/index.php?rest_route=\/wp\/v2\/users\/2"}],"replies":[{"embeddable":true,"href":"https:\/\/einkaufeninschleswig.de\/index.php?rest_route=%2Fwp%2Fv2%2Fcomments&post=677"}],"version-history":[{"count":2,"href":"https:\/\/einkaufeninschleswig.de\/index.php?rest_route=\/wp\/v2\/pages\/677\/revisions"}],"predecessor-version":[{"id":1007,"href":"https:\/\/einkaufeninschleswig.de\/index.php?rest_route=\/wp\/v2\/pages\/677\/revisions\/1007"}],"wp:attachment":[{"href":"https:\/\/einkaufeninschleswig.de\/index.php?rest_route=%2Fwp%2Fv2%2Fmedia&parent=677"}],"curies":[{"name":"wp","href":"https:\/\/api.w.org\/{rel}","templated":true}]}}