{"id":508,"date":"2020-08-16T19:46:14","date_gmt":"2020-08-16T17:46:14","guid":{"rendered":"http:\/\/einkaufeninschleswig.de\/?page_id=508"},"modified":"2020-08-16T20:35:56","modified_gmt":"2020-08-16T18:35:56","slug":"finanzen-dienstleistungen","status":"publish","type":"page","link":"https:\/\/einkaufeninschleswig.de\/?page_id=508","title":{"rendered":"Finanzen &#038; Dienstleistungen"},"content":{"rendered":"<ul class=\"wp-block-latest-posts__list aligncenter wp-block-latest-posts\"><li><div class=\"wp-block-latest-posts__featured-image\"><img loading=\"lazy\" decoding=\"async\" width=\"150\" height=\"92\" src=\"https:\/\/einkaufeninschleswig.de\/wp-content\/uploads\/2022\/01\/logo-150x92.png\" class=\"attachment-thumbnail size-thumbnail wp-post-image\" alt=\"\" style=\"\" \/><\/div><a class=\"wp-block-latest-posts__post-title\" href=\"https:\/\/einkaufeninschleswig.de\/?p=1702\">Stadtwerke SH<\/a><div class=\"wp-block-latest-posts__post-excerpt\">Mit unserer Energie in die Zukunft. Klimafreundlich .Zukunftsf\u00e4hig.Innovativ. Werkstra\u00dfe 124837 SchleswigZentrale: 04621 . 801-0<\/div><\/li>\n<li><div class=\"wp-block-latest-posts__featured-image\"><img loading=\"lazy\" decoding=\"async\" width=\"150\" height=\"150\" src=\"https:\/\/einkaufeninschleswig.de\/wp-content\/uploads\/2021\/09\/logo-2-150x150.png\" class=\"attachment-thumbnail size-thumbnail wp-post-image\" alt=\"\" style=\"\" \/><\/div><a class=\"wp-block-latest-posts__post-title\" href=\"https:\/\/einkaufeninschleswig.de\/?p=1624\">Hermann Autzen<\/a><div class=\"wp-block-latest-posts__post-excerpt\">Moin Moin! Und herzlich willkommen! Das Thema Steuerrecht hat mich schon immer fasziniert. Vor \u00fcber 30 Jahren habe ich in Schleswig mein erstes Steuerb\u00fcro er\u00f6ffnet. Seit 1992 bin ich in der Schubystra\u00dfe 54a zu finden. Bis heute bin ich hier als Steuerberater und Wirtschaftspr\u00fcfer t\u00e4tig. Sieben Mitarbeiter und drei Auszubildende &hellip; <\/div><\/li>\n<li><div class=\"wp-block-latest-posts__featured-image\"><img loading=\"lazy\" decoding=\"async\" width=\"150\" height=\"92\" src=\"https:\/\/einkaufeninschleswig.de\/wp-content\/uploads\/2021\/09\/Logo-1-150x92.png\" class=\"attachment-thumbnail size-thumbnail wp-post-image\" alt=\"\" style=\"\" \/><\/div><a class=\"wp-block-latest-posts__post-title\" href=\"https:\/\/einkaufeninschleswig.de\/?p=1618\">Jacobsen Immobilienagentur<\/a><div class=\"wp-block-latest-posts__post-excerpt\">Ihr Immobilienmakler in Schleswig Der Kreis Schleswig-Flensburg und die Region s\u00fcdlich der Schlei \u00fcberzeugen durch zahlreiche Vorteile, die das Leben hier besonders lebenswert machen. Zwischen Nord- und Ostsee und zugleich nahe der d\u00e4nischen Grenze gelegen bietet die Region von der jungen Familie bis zum Ruhest\u00e4ndler vielf\u00e4ltige M\u00f6glichkeiten. Damit auch Ihr &hellip; <\/div><\/li>\n<li><div class=\"wp-block-latest-posts__featured-image\"><img loading=\"lazy\" decoding=\"async\" width=\"150\" height=\"100\" src=\"https:\/\/einkaufeninschleswig.de\/wp-content\/uploads\/2020\/09\/vrbank-schleswig-mittelhols.png\" class=\"attachment-thumbnail size-thumbnail wp-post-image\" alt=\"\" style=\"\" \/><\/div><a class=\"wp-block-latest-posts__post-title\" href=\"https:\/\/einkaufeninschleswig.de\/?p=865\">VR Bank Schleswig-Mittelholstein<\/a><div class=\"wp-block-latest-posts__post-excerpt\">Unsere SB-Filiale finden sie in Schleswig City im Stadtweg 10 Ge\u00f6ffnet Montag &#8211; Sonntag 05:00 &#8211; 24:00 Uhr Pers\u00f6nlich stehen wir ihnen in unserer Gesch\u00e4ftsstelle in der Friedrichstr. 57 in Schleswig zur Verf\u00fcgung Anschrift VR Bank Schleswig-Mittelholstein eGFiliale Schleswig-FriedrichsbergFriedrichstr. 5724837 Schleswig Kontakt Telefon+49 4621 388-0Fax+49 4621 388-1009 \u00d6ffnungszeiten Montag: 09:00 &hellip; <\/div><\/li>\n<li><div class=\"wp-block-latest-posts__featured-image\"><img loading=\"lazy\" decoding=\"async\" width=\"150\" height=\"99\" src=\"https:\/\/einkaufeninschleswig.de\/wp-content\/uploads\/2020\/09\/card-2.png\" class=\"attachment-thumbnail size-thumbnail wp-post-image\" alt=\"\" style=\"\" \/><\/div><a class=\"wp-block-latest-posts__post-title\" href=\"https:\/\/einkaufeninschleswig.de\/?p=861\">Union Bank &#8211; Ihre regionale Privatbank<\/a><div class=\"wp-block-latest-posts__post-excerpt\">Sprechen Sie mit uns! Wir bieten Ihnen L\u00f6sungen f\u00fcr alle privaten und gesch\u00e4ftlichen Anspr\u00fcche rund um das Thema Geld.Besuchen Sie uns in unserer Filiale Schleswig. Ihre Ansprechpartner sind pers\u00f6nlich f\u00fcr Sie da. Wir freuen uns auf Ihren Besuch in der Stadtweg 59, 24837 Schleswig. Filiale Schleswig Stadtweg 5924837 Schleswig Tel.: &hellip; <\/div><\/li>\n<li><div class=\"wp-block-latest-posts__featured-image\"><img loading=\"lazy\" decoding=\"async\" width=\"150\" height=\"100\" src=\"https:\/\/einkaufeninschleswig.de\/wp-content\/uploads\/2020\/08\/Unbenannt-1.png\" class=\"attachment-thumbnail size-thumbnail wp-post-image\" alt=\"\" style=\"\" \/><\/div><a class=\"wp-block-latest-posts__post-title\" href=\"https:\/\/einkaufeninschleswig.de\/?p=561\">Vodafone Shop Schleswig<\/a><div class=\"wp-block-latest-posts__post-excerpt\">Wir haben ge\u00f6ffnet und sind f\u00fcr Sie da! Vodafone Shop Schleswig (neben sh:z)&nbsp; Mo. bis Fr. 9:00 &#8211; 18:30 UhrSa.&nbsp;&nbsp;&nbsp;&nbsp;&nbsp;&nbsp;&nbsp;&nbsp;&nbsp;&nbsp;&nbsp; 9:00 &#8211; 15:00 UhrDie \u00d6ffnungszeiten k\u00f6nnen coronabedingt variieren. Stadtweg 5424837 Schleswig Weitere Informationen bekommen Sie hier<\/div><\/li>\n<li><div class=\"wp-block-latest-posts__featured-image\"><img loading=\"lazy\" decoding=\"async\" width=\"150\" height=\"99\" src=\"https:\/\/einkaufeninschleswig.de\/wp-content\/uploads\/2020\/08\/card-7.png\" class=\"attachment-thumbnail size-thumbnail wp-post-image\" alt=\"\" style=\"\" \/><\/div><a class=\"wp-block-latest-posts__post-title\" href=\"https:\/\/einkaufeninschleswig.de\/?p=558\">Medigna &#8211; Sicherheit, Vertrauen &#038; F\u00fcrsorge<\/a><div class=\"wp-block-latest-posts__post-excerpt\">Wir sind f\u00fcr Sie da! und stellen uns den neuen Herausforderungen. Ihr medigna PflegedienstGallberg 41 \u00b7 24837 Schleswig \u00b7 Telefon: 04621 &#8211; 98 88 66 \u00b7 info@medigna.de Weitere Informationen gibt es hier<\/div><\/li>\n<li><div class=\"wp-block-latest-posts__featured-image\"><img loading=\"lazy\" decoding=\"async\" width=\"150\" height=\"99\" src=\"https:\/\/einkaufeninschleswig.de\/wp-content\/uploads\/2020\/08\/card-6.png\" class=\"attachment-thumbnail size-thumbnail wp-post-image\" alt=\"\" style=\"\" \/><\/div><a class=\"wp-block-latest-posts__post-title\" href=\"https:\/\/einkaufeninschleswig.de\/?p=551\">Kl\u00f6ndeel &#8211; Ihr Pflegedienst &#038; Tagespflege<\/a><div class=\"wp-block-latest-posts__post-excerpt\">Wir sind Sie da! Kl\u00f6ndeel &#8211; Ihr ambulanter Pflegedienst &amp; Tagespflege M\u00f6nchenbr\u00fcckstra\u00dfe 8 \u00b7 24837 Schleswig \u00b7 Telefon 04621 988 100 \u00b7 Fax 988 102www.pflege-kloendeel.de \u00b7 info@pflege-kloendeel.de<\/div><\/li>\n<li><div class=\"wp-block-latest-posts__featured-image\"><img loading=\"lazy\" decoding=\"async\" width=\"150\" height=\"105\" src=\"https:\/\/einkaufeninschleswig.de\/wp-content\/uploads\/2020\/08\/card-5.png\" class=\"attachment-thumbnail size-thumbnail wp-post-image\" alt=\"\" style=\"\" \/><\/div><a class=\"wp-block-latest-posts__post-title\" href=\"https:\/\/einkaufeninschleswig.de\/?p=540\">Nord-Ostsee Sparkasse<\/a><div class=\"wp-block-latest-posts__post-excerpt\">Liebe Kundinnen und Kunden, auch in diesen anspruchsvollen Zeiten bleiben wir f\u00fcr Sie nah. Pers\u00f6nliche Termine sind werktags von 7 \u2013 19 Uhr in allen Filialen bei vorheriger Terminvereinbarung m\u00f6glich. Telefonisch erreichen Sie uns von Montags bis Freitags von 8 bis 19 Uhr unter 04621\/89-5555 und unter nospa.de sind wir &hellip; <\/div><\/li>\n<li><div class=\"wp-block-latest-posts__featured-image\"><img loading=\"lazy\" decoding=\"async\" width=\"150\" height=\"101\" src=\"https:\/\/einkaufeninschleswig.de\/wp-content\/uploads\/2020\/08\/card-4.png\" class=\"attachment-thumbnail size-thumbnail wp-post-image\" alt=\"\" style=\"\" \/><\/div><a class=\"wp-block-latest-posts__post-title\" href=\"https:\/\/einkaufeninschleswig.de\/?p=524\">Provinzial Arne Hinrichsen &#8211; Ihr Schutzengel vom Capitolplatz<\/a><div class=\"wp-block-latest-posts__post-excerpt\">Liebe Kundeninnen und Kunden,&nbsp;liebe Freunde und Fans! Auch in Krisenzeiten immer an ihrer Seite!Ihre Schleswiger Schutzengel \u00d6ffnungszeiten: Mo-Mi 08:30-17:00Do 08:30-18:00Fr 08:30-13:00 Sie erreichen uns w\u00e4hrend der \u00d6ffnungszeiten unter:Tel. +49 4621 9656 0Fax. +49 4621 96 56 56WhatsApp +49 4621 965696Mail:&nbsp;schleswig@provinzial.de Bleiben Sie gesund! Alles Liebe Ihre Schutzengel vom Capitolplatz<\/div><\/li>\n<\/ul>\n\n\n<p><\/p>\n","protected":false},"excerpt":{"rendered":"","protected":false},"author":2,"featured_media":0,"parent":0,"menu_order":0,"comment_status":"closed","ping_status":"closed","template":"","meta":{"footnotes":""},"class_list":["post-508","page","type-page","status-publish","hentry"],"wpmagazine_modules_lite_featured_media_urls":{"thumbnail":"","cvmm-medium":"","cvmm-medium-plus":"","cvmm-portrait":"","cvmm-medium-square":"","cvmm-large":"","cvmm-small":"","full":""},"categories_names":null,"comments_number":"0","_links":{"self":[{"href":"https:\/\/einkaufeninschleswig.de\/index.php?rest_route=\/wp\/v2\/pages\/508","targetHints":{"allow":["GET"]}}],"collection":[{"href":"https:\/\/einkaufeninschleswig.de\/index.php?rest_route=\/wp\/v2\/pages"}],"about":[{"href":"https:\/\/einkaufeninschleswig.de\/index.php?rest_route=\/wp\/v2\/types\/page"}],"author":[{"embeddable":true,"href":"https:\/\/einkaufeninschleswig.de\/index.php?rest_route=\/wp\/v2\/users\/2"}],"replies":[{"embeddable":true,"href":"https:\/\/einkaufeninschleswig.de\/index.php?rest_route=%2Fwp%2Fv2%2Fcomments&post=508"}],"version-history":[{"count":5,"href":"https:\/\/einkaufeninschleswig.de\/index.php?rest_route=\/wp\/v2\/pages\/508\/revisions"}],"predecessor-version":[{"id":535,"href":"https:\/\/einkaufeninschleswig.de\/index.php?rest_route=\/wp\/v2\/pages\/508\/revisions\/535"}],"wp:attachment":[{"href":"https:\/\/einkaufeninschleswig.de\/index.php?rest_route=%2Fwp%2Fv2%2Fmedia&parent=508"}],"curies":[{"name":"wp","href":"https:\/\/api.w.org\/{rel}","templated":true}]}}