{"id":502,"date":"2020-08-16T19:41:56","date_gmt":"2020-08-16T17:41:56","guid":{"rendered":"http:\/\/einkaufeninschleswig.de\/?page_id=502"},"modified":"2020-11-07T08:14:31","modified_gmt":"2020-11-07T06:14:31","slug":"handwerk","status":"publish","type":"page","link":"https:\/\/einkaufeninschleswig.de\/?page_id=502","title":{"rendered":"Handwerk"},"content":{"rendered":"<ul class=\"wp-block-latest-posts__list wp-block-latest-posts\"><li><div class=\"wp-block-latest-posts__featured-image\"><img loading=\"lazy\" decoding=\"async\" width=\"150\" height=\"150\" src=\"https:\/\/einkaufeninschleswig.de\/wp-content\/uploads\/2022\/01\/bijoubrigitte-150x150.gif\" class=\"attachment-thumbnail size-thumbnail wp-post-image\" alt=\"\" style=\"\" \/><\/div><a class=\"wp-block-latest-posts__post-title\" href=\"https:\/\/einkaufeninschleswig.de\/?p=1709\">Bjou Brigitte<\/a><div class=\"wp-block-latest-posts__post-excerpt\">Traumhafter Schmuck von Bijou Brigitte Schmuck begleitet den Menschen schon seit Jahrtausenden. Besonders auf Frauen haben diese gl\u00e4nzend, glitzernden und schm\u00fcckenden Accessoires eine besondere Wirkung. Ob Ohrringe, Ketten, Armb\u00e4nder, Ringe oder andere Schmuckst\u00fccke. Bei Bijou Brigitte finden Sie immer den richtigen Schmuck f\u00fcr jeden Anlass. Ihr Schmuckk\u00e4stchen k\u00f6nnen Sie dank &hellip; <\/div><\/li>\n<li><div class=\"wp-block-latest-posts__featured-image\"><img loading=\"lazy\" decoding=\"async\" width=\"150\" height=\"92\" src=\"https:\/\/einkaufeninschleswig.de\/wp-content\/uploads\/2022\/01\/logo-150x92.png\" class=\"attachment-thumbnail size-thumbnail wp-post-image\" alt=\"\" style=\"\" \/><\/div><a class=\"wp-block-latest-posts__post-title\" href=\"https:\/\/einkaufeninschleswig.de\/?p=1702\">Stadtwerke SH<\/a><div class=\"wp-block-latest-posts__post-excerpt\">Mit unserer Energie in die Zukunft. Klimafreundlich .Zukunftsf\u00e4hig.Innovativ. Werkstra\u00dfe 124837 SchleswigZentrale: 04621 . 801-0<\/div><\/li>\n<li><div class=\"wp-block-latest-posts__featured-image\"><img loading=\"lazy\" decoding=\"async\" width=\"150\" height=\"89\" src=\"https:\/\/einkaufeninschleswig.de\/wp-content\/uploads\/2020\/12\/Fries-150x89.png\" class=\"attachment-thumbnail size-thumbnail wp-post-image\" alt=\"\" style=\"\" \/><\/div><a class=\"wp-block-latest-posts__post-title\" href=\"https:\/\/einkaufeninschleswig.de\/?p=1163\">Goldschmiede Fries<\/a><div class=\"wp-block-latest-posts__post-excerpt\">Wir sind ab sofort wieder zu unseren normalen \u00d6ffnungszeiten f\u00fcr Sie da.\u00a0Bitte denken Sie aber weiterhin an die Hygienevorschriften. Wir freuen uns auf Ihren Besuch! In unserem neuen Onlineshop k\u00f6nnen Sie kontaktlos einkaufen. Es werden stetig neue Produkte und Angebote hinzugef\u00fcgt. F\u00fcr Reparaturen, Umarbeitungen und \u00c4nderungen ist unsere Werkstatt in &hellip; <\/div><\/li>\n<li><div class=\"wp-block-latest-posts__featured-image\"><img loading=\"lazy\" decoding=\"async\" width=\"150\" height=\"100\" src=\"https:\/\/einkaufeninschleswig.de\/wp-content\/uploads\/2020\/08\/card-26.png\" class=\"attachment-thumbnail size-thumbnail wp-post-image\" alt=\"\" style=\"\" \/><\/div><a class=\"wp-block-latest-posts__post-title\" href=\"https:\/\/einkaufeninschleswig.de\/?p=654\">Augenoptik Sager<\/a><div class=\"wp-block-latest-posts__post-excerpt\">Wir bieten unsere Dienstleistung in Schleswig nach vorheriger Terminvereinbarung im \u00c4rzthaus am Zob in der 3. Etage an.&nbsp; Dort ist unser Sehstudio.&nbsp; Wir kommen zu den Kunden nach Hause also Hausbesuche&nbsp; und wir haben unser Ladengesch\u00e4ft in J\u00fcbek. &#8222;Wir lassen sie nicht im Dunklen stehen&#8220;. Augenoptik Sager in J\u00fcbek mit &hellip; <\/div><\/li>\n<\/ul>","protected":false},"excerpt":{"rendered":"","protected":false},"author":2,"featured_media":0,"parent":0,"menu_order":0,"comment_status":"closed","ping_status":"closed","template":"","meta":{"footnotes":""},"class_list":["post-502","page","type-page","status-publish","hentry"],"wpmagazine_modules_lite_featured_media_urls":{"thumbnail":"","cvmm-medium":"","cvmm-medium-plus":"","cvmm-portrait":"","cvmm-medium-square":"","cvmm-large":"","cvmm-small":"","full":""},"categories_names":null,"comments_number":"0","_links":{"self":[{"href":"https:\/\/einkaufeninschleswig.de\/index.php?rest_route=\/wp\/v2\/pages\/502","targetHints":{"allow":["GET"]}}],"collection":[{"href":"https:\/\/einkaufeninschleswig.de\/index.php?rest_route=\/wp\/v2\/pages"}],"about":[{"href":"https:\/\/einkaufeninschleswig.de\/index.php?rest_route=\/wp\/v2\/types\/page"}],"author":[{"embeddable":true,"href":"https:\/\/einkaufeninschleswig.de\/index.php?rest_route=\/wp\/v2\/users\/2"}],"replies":[{"embeddable":true,"href":"https:\/\/einkaufeninschleswig.de\/index.php?rest_route=%2Fwp%2Fv2%2Fcomments&post=502"}],"version-history":[{"count":3,"href":"https:\/\/einkaufeninschleswig.de\/index.php?rest_route=\/wp\/v2\/pages\/502\/revisions"}],"predecessor-version":[{"id":1010,"href":"https:\/\/einkaufeninschleswig.de\/index.php?rest_route=\/wp\/v2\/pages\/502\/revisions\/1010"}],"wp:attachment":[{"href":"https:\/\/einkaufeninschleswig.de\/index.php?rest_route=%2Fwp%2Fv2%2Fmedia&parent=502"}],"curies":[{"name":"wp","href":"https:\/\/api.w.org\/{rel}","templated":true}]}}