{"id":500,"date":"2020-08-16T19:41:09","date_gmt":"2020-08-16T17:41:09","guid":{"rendered":"http:\/\/einkaufeninschleswig.de\/?page_id=500"},"modified":"2020-08-29T11:46:35","modified_gmt":"2020-08-29T09:46:35","slug":"essen-getraenke","status":"publish","type":"page","link":"https:\/\/einkaufeninschleswig.de\/?page_id=500","title":{"rendered":"Essen &#038; Getr\u00e4nke"},"content":{"rendered":"<ul class=\"wp-block-latest-posts__list wp-block-latest-posts\"><li><div class=\"wp-block-latest-posts__featured-image\"><img loading=\"lazy\" decoding=\"async\" width=\"150\" height=\"100\" src=\"https:\/\/einkaufeninschleswig.de\/wp-content\/uploads\/2020\/08\/card-34.png\" class=\"attachment-thumbnail size-thumbnail wp-post-image\" alt=\"\" style=\"\" \/><\/div><a class=\"wp-block-latest-posts__post-title\" href=\"https:\/\/einkaufeninschleswig.de\/?p=706\">Danmark IS<\/a><div class=\"wp-block-latest-posts__post-excerpt\">Wir sind wieder vor Edeka im Stadtweg f\u00fcr euch da!Mit unserem Softeis Stand im Stadweg (vor Edeka) Danmark- Is Betriebe&nbsp;&nbsp;Stadtfeld 13a&nbsp;&nbsp;24837 Schleswig&nbsp;&nbsp;&nbsp; &nbsp;&nbsp;&nbsp; &nbsp;&nbsp;&nbsp; &nbsp; Tel.: +49 (0)4621 98 64 32&nbsp;&nbsp;&nbsp; &nbsp;&nbsp;&nbsp;Fax.: + 49 (0)4621 986434&nbsp;&nbsp;&nbsp; &nbsp;&nbsp;&nbsp; &nbsp;&nbsp;&nbsp; http:\/\/www.danmark-is.dehttp:\/\/www.tivoli-eis.commail@danmark-is.de #Schleswighilft &#8211; wir sind dabei!<\/div><\/li>\n<li><div class=\"wp-block-latest-posts__featured-image\"><img loading=\"lazy\" decoding=\"async\" width=\"150\" height=\"100\" src=\"https:\/\/einkaufeninschleswig.de\/wp-content\/uploads\/2020\/08\/card-36.png\" class=\"attachment-thumbnail size-thumbnail wp-post-image\" alt=\"\" style=\"\" \/><\/div><a class=\"wp-block-latest-posts__post-title\" href=\"https:\/\/einkaufeninschleswig.de\/?p=716\">Hafencafe<\/a><div class=\"wp-block-latest-posts__post-excerpt\">Wir haben wieder ge\u00f6ffnet! Liebe G\u00e4ste und Freunde des Hafencafes, unser Hafencafe ist wieder ge\u00f6ffnet und wir freuen uns auf ihren Besuch. Ihr Team vom Hafencaf\u00e9 Schleswig &nbsp;Hafencaf\u00e9 SchleswigAm Hafen 1124837 SchleswigTel.: +49 (0)4621 530 1940Fax.: + 49 (0)4621 986434 &nbsp; Sie finden uns im Internet unter http:\/\/hafencafe-schleswig.de\/ #Schleswighilft &#8211; &hellip; <\/div><\/li>\n<li><div class=\"wp-block-latest-posts__featured-image\"><img loading=\"lazy\" decoding=\"async\" width=\"150\" height=\"99\" src=\"https:\/\/einkaufeninschleswig.de\/wp-content\/uploads\/2020\/08\/card-42.png\" class=\"attachment-thumbnail size-thumbnail wp-post-image\" alt=\"\" style=\"\" \/><\/div><a class=\"wp-block-latest-posts__post-title\" href=\"https:\/\/einkaufeninschleswig.de\/?p=745\">Hotel Hohenzollern<\/a><div class=\"wp-block-latest-posts__post-excerpt\">Unser Hotel Hohenzollern ist ge\u00f6ffnet. In unserem traditionsreichen Hotel halten wir R\u00e4umlichkeiten unterschiedlichster Gr\u00f6\u00dfe f\u00fcrIhre kleinen und gro\u00dfen Feiern oder Tagungen bereit und bieten mit unseren gutausgestatteten Zimmern einen angenehmen Rahmen f\u00fcr einen erholsamen Urlaub. Unser gem\u00fctliches A la Carte Restaurant ist t\u00e4glich von 16 Uhr bis 23 Uhr ge\u00f6ffnet; &hellip; <\/div><\/li>\n<li><div class=\"wp-block-latest-posts__featured-image\"><img loading=\"lazy\" decoding=\"async\" width=\"150\" height=\"100\" src=\"https:\/\/einkaufeninschleswig.de\/wp-content\/uploads\/2020\/08\/card-39.png\" class=\"attachment-thumbnail size-thumbnail wp-post-image\" alt=\"\" style=\"\" \/><\/div><a class=\"wp-block-latest-posts__post-title\" href=\"https:\/\/einkaufeninschleswig.de\/?p=730\">Stadtb\u00e4ckerei Hagge<\/a><div class=\"wp-block-latest-posts__post-excerpt\">Wir liefern aus! Unsere Filialen am Gallberg und im Sky Markt Georg-Pfingsten-Weg\/Friedrichsberg, sowie das Loaf&amp;Lounge im Stadtweg 87 sind zu den gewohnten Zeiten ge\u00f6ffnet. Wir bieten ihnen einen zus\u00e4tzlichen Lieferdienst. Bis auf weiteres liefern wir\u00a0 jeden Dienstag und Freitag aus. Die Stadtb\u00e4ckerei Hagge am Gallberg in Schleswig produziert seit 1921 &hellip; <\/div><\/li>\n<li><div class=\"wp-block-latest-posts__featured-image\"><img loading=\"lazy\" decoding=\"async\" width=\"150\" height=\"142\" src=\"https:\/\/einkaufeninschleswig.de\/wp-content\/uploads\/2021\/09\/logo_weindepot-150x142.png\" class=\"attachment-thumbnail size-thumbnail wp-post-image\" alt=\"\" style=\"\" \/><\/div><a class=\"wp-block-latest-posts__post-title\" href=\"https:\/\/einkaufeninschleswig.de\/?p=1563\">Wein &#038; Whisky Depot Schleswig<\/a><div class=\"wp-block-latest-posts__post-excerpt\">Wir sind seit 1995 Ihr Fachgesch\u00e4ft f\u00fcr Wein und Whisky in Schleswig. Sie finden bei uns ein sehr ordentliches und mit Bedacht und Leidenschaft ausgew\u00e4hltes Programm. Suchen Sie Ihren Lieblingswein oder Whisky, so stehen wir gerne mit Rat und Glas zur Seite. Mehr Informationen finden Sie auf unserer Website oder &hellip; <\/div><\/li>\n<\/ul>\n\n\n<p><\/p>\n","protected":false},"excerpt":{"rendered":"","protected":false},"author":2,"featured_media":0,"parent":0,"menu_order":0,"comment_status":"closed","ping_status":"closed","template":"","meta":{"footnotes":""},"class_list":["post-500","page","type-page","status-publish","hentry"],"wpmagazine_modules_lite_featured_media_urls":{"thumbnail":"","cvmm-medium":"","cvmm-medium-plus":"","cvmm-portrait":"","cvmm-medium-square":"","cvmm-large":"","cvmm-small":"","full":""},"categories_names":null,"comments_number":"0","_links":{"self":[{"href":"https:\/\/einkaufeninschleswig.de\/index.php?rest_route=\/wp\/v2\/pages\/500","targetHints":{"allow":["GET"]}}],"collection":[{"href":"https:\/\/einkaufeninschleswig.de\/index.php?rest_route=\/wp\/v2\/pages"}],"about":[{"href":"https:\/\/einkaufeninschleswig.de\/index.php?rest_route=\/wp\/v2\/types\/page"}],"author":[{"embeddable":true,"href":"https:\/\/einkaufeninschleswig.de\/index.php?rest_route=\/wp\/v2\/users\/2"}],"replies":[{"embeddable":true,"href":"https:\/\/einkaufeninschleswig.de\/index.php?rest_route=%2Fwp%2Fv2%2Fcomments&post=500"}],"version-history":[{"count":3,"href":"https:\/\/einkaufeninschleswig.de\/index.php?rest_route=\/wp\/v2\/pages\/500\/revisions"}],"predecessor-version":[{"id":734,"href":"https:\/\/einkaufeninschleswig.de\/index.php?rest_route=\/wp\/v2\/pages\/500\/revisions\/734"}],"wp:attachment":[{"href":"https:\/\/einkaufeninschleswig.de\/index.php?rest_route=%2Fwp%2Fv2%2Fmedia&parent=500"}],"curies":[{"name":"wp","href":"https:\/\/api.w.org\/{rel}","templated":true}]}}