{"id":316,"date":"2020-08-08T15:34:02","date_gmt":"2020-08-08T13:34:02","guid":{"rendered":"http:\/\/schleswig-shopping.de\/?page_id=316"},"modified":"2026-01-21T20:31:41","modified_gmt":"2026-01-21T18:31:41","slug":"unser-vorstand","status":"publish","type":"page","link":"https:\/\/einkaufeninschleswig.de\/?page_id=316","title":{"rendered":"Unser Vorstand"},"content":{"rendered":"\n<p>Der Vorstand und die Beiratsmitglieder arbeiten ausschlie\u00dflich ehrenamtlich. Die MItglieder werden auf der ordentlichen Jahreshauptversammlung turnusgem\u00e4\u00df gew\u00e4hlt. Haben Sie Fragen oder Anregungen? Sprechen Sie uns gerne an!<\/p>\n\n\n\n<div class=\"wp-block-group alignwide\"><div class=\"wp-block-group__inner-container is-layout-flow wp-block-group-is-layout-flow\">\n<div class=\"wp-block-group\"><div class=\"wp-block-group__inner-container is-layout-flow wp-block-group-is-layout-flow\">\n<div class=\"wp-block-media-text alignwide is-stacked-on-mobile\" style=\"grid-template-columns:72% auto\"><figure class=\"wp-block-media-text__media\"><img loading=\"lazy\" decoding=\"async\" width=\"278\" height=\"207\" src=\"https:\/\/einkaufeninschleswig.de\/wp-content\/uploads\/2026\/01\/Screenshot-2026-01-21-191905.png\" alt=\"\" class=\"wp-image-2344 size-full\"\/><\/figure><div class=\"wp-block-media-text__content\">\n<p class=\"has-large-font-size\">Vorstand <\/p>\n\n\n\n<p>1. Vorsitzender <br>Christian Liesegang<br>Buchhandlung Liesegang<\/p>\n\n\n\n<p>stellv. Vorsitzende<br>Frauke Vorpahl<br>Stadtb\u00e4ckerei Hagge<\/p>\n\n\n\n<p>stellv. Vorsitzender<br>Thomas Forck<br>Schuhhaus Forck<\/p>\n<\/div><\/div>\n<\/div><\/div>\n<\/div><\/div>\n\n\n\n<hr class=\"wp-block-separator is-style-wide\"\/>\n\n\n\n<hr class=\"wp-block-separator is-style-wide\"\/>\n\n\n\n<div class=\"wp-block-media-text alignwide is-stacked-on-mobile\"><figure class=\"wp-block-media-text__media\"><img loading=\"lazy\" decoding=\"async\" width=\"300\" height=\"301\" src=\"http:\/\/schleswig-shopping.de\/wp-content\/uploads\/2020\/08\/schomaker_bild.gif\" alt=\"\" class=\"wp-image-323 size-full\"\/><\/figure><div class=\"wp-block-media-text__content\">\n<p class=\"has-large-font-size\">Lars Schomaker<\/p>\n\n\n\n<p>Schriftf\u00fchrer<br><br>Stadtwerke SH<\/p>\n<\/div><\/div>\n\n\n\n<hr class=\"wp-block-separator is-style-wide\"\/>\n\n\n\n<div class=\"wp-block-media-text alignwide is-stacked-on-mobile\"><figure class=\"wp-block-media-text__media\"><img loading=\"lazy\" decoding=\"async\" width=\"491\" height=\"428\" src=\"https:\/\/einkaufeninschleswig.de\/wp-content\/uploads\/2022\/04\/christinaweinbrandt.png\" alt=\"\" class=\"wp-image-1780 size-full\" srcset=\"https:\/\/einkaufeninschleswig.de\/wp-content\/uploads\/2022\/04\/christinaweinbrandt.png 491w, https:\/\/einkaufeninschleswig.de\/wp-content\/uploads\/2022\/04\/christinaweinbrandt-300x262.png 300w\" sizes=\"auto, (max-width: 491px) 100vw, 491px\" \/><\/figure><div class=\"wp-block-media-text__content\">\n<p class=\"has-large-font-size\">Christina Weinbrandt<\/p>\n\n\n\n<p>Finanzen<br><br>Nord-Ostsee Sparkasse NOSPA<\/p>\n<\/div><\/div>\n\n\n\n<hr class=\"wp-block-separator is-style-wide\"\/>\n\n\n\n<div class=\"wp-block-media-text alignwide is-stacked-on-mobile\"><figure class=\"wp-block-media-text__media\"><img loading=\"lazy\" decoding=\"async\" width=\"497\" height=\"442\" src=\"https:\/\/einkaufeninschleswig.de\/wp-content\/uploads\/2022\/03\/anonymous-1.png\" alt=\"\" class=\"wp-image-1747 size-full\" srcset=\"https:\/\/einkaufeninschleswig.de\/wp-content\/uploads\/2022\/03\/anonymous-1.png 497w, https:\/\/einkaufeninschleswig.de\/wp-content\/uploads\/2022\/03\/anonymous-1-300x267.png 300w\" sizes=\"auto, (max-width: 497px) 100vw, 497px\" \/><\/figure><div class=\"wp-block-media-text__content\">\n<p class=\"has-large-font-size\">Carsten Seifert<\/p>\n\n\n\n<p>Beirat<\/p>\n\n\n\n<p>SchleiZwerge<\/p>\n<\/div><\/div>\n\n\n\n<hr class=\"wp-block-separator is-style-wide\"\/>\n\n\n\n<div class=\"wp-block-media-text alignwide is-stacked-on-mobile\"><figure class=\"wp-block-media-text__media\"><img loading=\"lazy\" decoding=\"async\" width=\"497\" height=\"442\" src=\"https:\/\/einkaufeninschleswig.de\/wp-content\/uploads\/2023\/09\/anonymous-1.png\" alt=\"\" class=\"wp-image-2071 size-full\" srcset=\"https:\/\/einkaufeninschleswig.de\/wp-content\/uploads\/2023\/09\/anonymous-1.png 497w, https:\/\/einkaufeninschleswig.de\/wp-content\/uploads\/2023\/09\/anonymous-1-300x267.png 300w\" sizes=\"auto, (max-width: 497px) 100vw, 497px\" \/><\/figure><div class=\"wp-block-media-text__content\">\n<p class=\"has-large-font-size\">Hauke Petersen<\/p>\n\n\n\n<p>Beirat<br><br>Modehaus I.D.Sievers<\/p>\n<\/div><\/div>\n\n\n\n<hr class=\"wp-block-separator is-style-wide\"\/>\n\n\n\n<div class=\"wp-block-media-text alignwide is-stacked-on-mobile\"><figure class=\"wp-block-media-text__media\"><img loading=\"lazy\" decoding=\"async\" width=\"300\" height=\"319\" src=\"http:\/\/schleswig-shopping.de\/wp-content\/uploads\/2020\/08\/j\u00f6rgm\u00f6ller-e1596895512950.png\" alt=\"\" class=\"wp-image-324 size-full\"\/><\/figure><div class=\"wp-block-media-text__content\">\n<p class=\"has-large-font-size\">J\u00f6rg M\u00f6ller<\/p>\n\n\n\n<p>Beirat<br><br>motion-center Holger Otto<\/p>\n<\/div><\/div>\n\n\n\n<hr class=\"wp-block-separator is-style-wide\"\/>\n\n\n\n<div class=\"wp-block-media-text alignwide is-stacked-on-mobile\"><figure class=\"wp-block-media-text__media\"><img loading=\"lazy\" decoding=\"async\" width=\"300\" height=\"321\" src=\"http:\/\/schleswig-shopping.de\/wp-content\/uploads\/2020\/08\/HelgeThomsen.png\" alt=\"\" class=\"wp-image-330 size-full\" srcset=\"https:\/\/einkaufeninschleswig.de\/wp-content\/uploads\/2020\/08\/HelgeThomsen.png 300w, https:\/\/einkaufeninschleswig.de\/wp-content\/uploads\/2020\/08\/HelgeThomsen-280x300.png 280w\" sizes=\"auto, (max-width: 300px) 100vw, 300px\" \/><\/figure><div class=\"wp-block-media-text__content\">\n<p class=\"has-large-font-size\">Helge Thomsen<\/p>\n\n\n\n<p>Beirat<\/p>\n\n\n\n<p>AWO proService Schleswig-Holstein gGmbH<\/p>\n<\/div><\/div>\n\n\n\n<hr class=\"wp-block-separator is-style-wide\"\/>\n\n\n\n<div class=\"wp-block-media-text alignwide is-stacked-on-mobile\"><figure class=\"wp-block-media-text__media\"><img loading=\"lazy\" decoding=\"async\" width=\"300\" height=\"370\" src=\"http:\/\/schleswig-shopping.de\/wp-content\/uploads\/2020\/08\/stefanpfeiffer.png\" alt=\"\" class=\"wp-image-346 size-full\" srcset=\"https:\/\/einkaufeninschleswig.de\/wp-content\/uploads\/2020\/08\/stefanpfeiffer.png 300w, https:\/\/einkaufeninschleswig.de\/wp-content\/uploads\/2020\/08\/stefanpfeiffer-243x300.png 243w\" sizes=\"auto, (max-width: 300px) 100vw, 300px\" \/><\/figure><div class=\"wp-block-media-text__content\">\n<p class=\"has-large-font-size\">Stephan Pfeiffer<\/p>\n\n\n\n<p>Beirat<\/p>\n\n\n\n<p>Spielwaren Pfeiffer<\/p>\n<\/div><\/div>\n\n\n\n<hr class=\"wp-block-separator\"\/>\n\n\n\n<div class=\"wp-block-media-text alignwide is-stacked-on-mobile\"><figure class=\"wp-block-media-text__media\"><img loading=\"lazy\" decoding=\"async\" width=\"497\" height=\"442\" src=\"https:\/\/einkaufeninschleswig.de\/wp-content\/uploads\/2022\/03\/anonymous-1.png\" alt=\"\" class=\"wp-image-1747 size-full\" srcset=\"https:\/\/einkaufeninschleswig.de\/wp-content\/uploads\/2022\/03\/anonymous-1.png 497w, https:\/\/einkaufeninschleswig.de\/wp-content\/uploads\/2022\/03\/anonymous-1-300x267.png 300w\" sizes=\"auto, (max-width: 497px) 100vw, 497px\" \/><\/figure><div class=\"wp-block-media-text__content\">\n<p class=\"has-large-font-size\">Harry Ober<\/p>\n\n\n\n<p>Beirat<\/p>\n\n\n\n<p>Wein &amp; Whisky Depot<\/p>\n<\/div><\/div>\n","protected":false},"excerpt":{"rendered":"<p>Der Vorstand und die Beiratsmitglieder arbeiten ausschlie\u00dflich ehrenamtlich. Die MItglieder werden auf der ordentlichen Jahreshauptversammlung turnusgem\u00e4\u00df gew\u00e4hlt. Haben Sie Fragen oder Anregungen? Sprechen Sie uns gerne an! Vorstand 1. Vorsitzender Christian LiesegangBuchhandlung Liesegang stellv. VorsitzendeFrauke VorpahlStadtb\u00e4ckerei Hagge stellv. VorsitzenderThomas ForckSchuhhaus Forck Lars Schomaker Schriftf\u00fchrer Stadtwerke SH Christina Weinbrandt Finanzen Nord-Ostsee &hellip; <\/p>\n","protected":false},"author":2,"featured_media":0,"parent":301,"menu_order":0,"comment_status":"closed","ping_status":"closed","template":"","meta":{"footnotes":""},"class_list":["post-316","page","type-page","status-publish","hentry"],"wpmagazine_modules_lite_featured_media_urls":{"thumbnail":"","cvmm-medium":"","cvmm-medium-plus":"","cvmm-portrait":"","cvmm-medium-square":"","cvmm-large":"","cvmm-small":"","full":""},"categories_names":null,"comments_number":"0","_links":{"self":[{"href":"https:\/\/einkaufeninschleswig.de\/index.php?rest_route=\/wp\/v2\/pages\/316","targetHints":{"allow":["GET"]}}],"collection":[{"href":"https:\/\/einkaufeninschleswig.de\/index.php?rest_route=\/wp\/v2\/pages"}],"about":[{"href":"https:\/\/einkaufeninschleswig.de\/index.php?rest_route=\/wp\/v2\/types\/page"}],"author":[{"embeddable":true,"href":"https:\/\/einkaufeninschleswig.de\/index.php?rest_route=\/wp\/v2\/users\/2"}],"replies":[{"embeddable":true,"href":"https:\/\/einkaufeninschleswig.de\/index.php?rest_route=%2Fwp%2Fv2%2Fcomments&post=316"}],"version-history":[{"count":16,"href":"https:\/\/einkaufeninschleswig.de\/index.php?rest_route=\/wp\/v2\/pages\/316\/revisions"}],"predecessor-version":[{"id":2350,"href":"https:\/\/einkaufeninschleswig.de\/index.php?rest_route=\/wp\/v2\/pages\/316\/revisions\/2350"}],"up":[{"embeddable":true,"href":"https:\/\/einkaufeninschleswig.de\/index.php?rest_route=\/wp\/v2\/pages\/301"}],"wp:attachment":[{"href":"https:\/\/einkaufeninschleswig.de\/index.php?rest_route=%2Fwp%2Fv2%2Fmedia&parent=316"}],"curies":[{"name":"wp","href":"https:\/\/api.w.org\/{rel}","templated":true}]}}