{"id":301,"date":"2020-08-08T15:04:38","date_gmt":"2020-08-08T13:04:38","guid":{"rendered":"http:\/\/schleswig-shopping.de\/?page_id=301"},"modified":"2020-08-08T15:30:40","modified_gmt":"2020-08-08T13:30:40","slug":"ueber-uns","status":"publish","type":"page","link":"https:\/\/einkaufeninschleswig.de\/?page_id=301","title":{"rendered":"Eine Interessenvertretung f\u00fcr die Wirtschaft der Schleswiger Innenstadt."},"content":{"rendered":"\n<div class=\"wp-block-media-text alignwide is-stacked-on-mobile\"><figure class=\"wp-block-media-text__media\"><img loading=\"lazy\" decoding=\"async\" width=\"300\" height=\"282\" src=\"http:\/\/schleswig-shopping.de\/wp-content\/uploads\/2020\/07\/christian_liesegang.gif\" alt=\"Christian Liesegang\" class=\"wp-image-214\"\/><\/figure><div class=\"wp-block-media-text__content\">\n<p>Wir begr\u00fc\u00dfen Sie in Schleswig City. Als Interessengemeinschaft der Unternehmen in der Innenstadt f\u00f6rdern wir die Attraktivit\u00e4t unserer &#8222;Ladenstra\u00dfe&#8220; und laden unsere Besucher zu einem entspannten Einkaufsvergn\u00fcgen ein. Mehr denn je ist die IGL gefordert, dem vielschichtigen Wettbewerb entgegenzutreten und als Gemeinschaft unsere Innenstadt konkurrenzf\u00e4hig zu erhalten und f\u00fcr eine hohe Besucherfrequenz zu sorgen. <\/p>\n<\/div><\/div>\n\n\n\n<p>Gemeinsam bringen wir die Interessen unserer Mitglieder in die kommunalen Entscheidungsprozesse mit ein. Hierzu geh\u00f6ren auch Gespr\u00e4che mit Beh\u00f6rden, den anderen Werbegemeinschaften, der Touristik, Wirtschaftsverb\u00e4nden usw. Wir arbeiten in enger Kooperation mit dem Schleswiger Stadtmanagement zusammen. Unser Vorstand arbeitet komplett ehrenamtlich und trifft sich samt Beirat in der Regel einmal im Monat zur Vorstands- und Beiratssitzung beim Schleswiger Stadtmanagement.<br>Die IGL wurde am 01. September 1971 gegr\u00fcndet. Zweck des Vereins war damals die Ausgestaltung, Versch\u00f6nerung, Pflege und Reinigung der Ladenstra\u00dfe. Die Aufgaben heute haben sich erheblich erweitert. Jedes Jahr f\u00fchren wir verschiedenste Veranstaltungen durch, um die Ladenstra\u00dfe weiter zu beleben und f\u00fcr Jung und Alt noch attraktiver zu gestalten. Informieren Sie sich bitte unter &#8222;Veranstaltungen&#8220; Wir bem\u00fchen uns die Ladenstra\u00dfe durch Wimpelschmuck, Weihnachtsbeleuchtung usw. einladend zu gestalten. Ebenfalls eine wichtige Aufgabe ist unser Einsatz f\u00fcr geb\u00fchrenfreies Parken in der Schleswiger Innenstadt, hierf\u00fcr leisten wir j\u00e4hrlich eine freiwillige Zahlung an die Stadt. Die Landesgartenschau 2008 wurde von uns tatkr\u00e4ftig, auch finanziell unterst\u00fctzt.<\/p>\n\n\n\n<p class=\"has-medium-font-size\"><strong>Mitmachen und mitgestalten<\/strong><\/p>\n\n\n\n<p>Die aktuellen  Themen erfordern eine starke und konstruktive Zusammenarbeit der Unternehmen in unserer Stadt. So nutzen wir die M\u00f6glichkeiten der Mitsprache und Mitgestaltung der Innenstadtsansierung oder die Ausgestaltung der Einkaufs- und Parkm\u00f6glichkeiten. <\/p>\n\n\n\n<figure class=\"wp-block-image size-large\"><img loading=\"lazy\" decoding=\"async\" width=\"1024\" height=\"410\" src=\"http:\/\/schleswig-shopping.de\/wp-content\/uploads\/2020\/08\/wtt-1024x410.png\" alt=\"\" class=\"wp-image-307\" srcset=\"https:\/\/einkaufeninschleswig.de\/wp-content\/uploads\/2020\/08\/wtt-1024x410.png 1024w, https:\/\/einkaufeninschleswig.de\/wp-content\/uploads\/2020\/08\/wtt-300x120.png 300w, https:\/\/einkaufeninschleswig.de\/wp-content\/uploads\/2020\/08\/wtt-768x307.png 768w, https:\/\/einkaufeninschleswig.de\/wp-content\/uploads\/2020\/08\/wtt-1120x450.png 1120w, https:\/\/einkaufeninschleswig.de\/wp-content\/uploads\/2020\/08\/wtt.png 1272w\" sizes=\"auto, (max-width: 1024px) 100vw, 1024px\" \/><\/figure>\n","protected":false},"excerpt":{"rendered":"<p>Wir begr\u00fc\u00dfen Sie in Schleswig City. Als Interessengemeinschaft der Unternehmen in der Innenstadt f\u00f6rdern wir die Attraktivit\u00e4t unserer &#8222;Ladenstra\u00dfe&#8220; und laden unsere Besucher zu einem entspannten Einkaufsvergn\u00fcgen ein. Mehr denn je ist die IGL gefordert, dem vielschichtigen Wettbewerb entgegenzutreten und als Gemeinschaft unsere Innenstadt konkurrenzf\u00e4hig zu erhalten und f\u00fcr eine &hellip; <\/p>\n","protected":false},"author":2,"featured_media":0,"parent":0,"menu_order":0,"comment_status":"closed","ping_status":"closed","template":"","meta":{"footnotes":""},"class_list":["post-301","page","type-page","status-publish","hentry"],"wpmagazine_modules_lite_featured_media_urls":{"thumbnail":"","cvmm-medium":"","cvmm-medium-plus":"","cvmm-portrait":"","cvmm-medium-square":"","cvmm-large":"","cvmm-small":"","full":""},"categories_names":null,"comments_number":"0","_links":{"self":[{"href":"https:\/\/einkaufeninschleswig.de\/index.php?rest_route=\/wp\/v2\/pages\/301","targetHints":{"allow":["GET"]}}],"collection":[{"href":"https:\/\/einkaufeninschleswig.de\/index.php?rest_route=\/wp\/v2\/pages"}],"about":[{"href":"https:\/\/einkaufeninschleswig.de\/index.php?rest_route=\/wp\/v2\/types\/page"}],"author":[{"embeddable":true,"href":"https:\/\/einkaufeninschleswig.de\/index.php?rest_route=\/wp\/v2\/users\/2"}],"replies":[{"embeddable":true,"href":"https:\/\/einkaufeninschleswig.de\/index.php?rest_route=%2Fwp%2Fv2%2Fcomments&post=301"}],"version-history":[{"count":9,"href":"https:\/\/einkaufeninschleswig.de\/index.php?rest_route=\/wp\/v2\/pages\/301\/revisions"}],"predecessor-version":[{"id":315,"href":"https:\/\/einkaufeninschleswig.de\/index.php?rest_route=\/wp\/v2\/pages\/301\/revisions\/315"}],"wp:attachment":[{"href":"https:\/\/einkaufeninschleswig.de\/index.php?rest_route=%2Fwp%2Fv2%2Fmedia&parent=301"}],"curies":[{"name":"wp","href":"https:\/\/api.w.org\/{rel}","templated":true}]}}